{"id":331,"date":"2021-11-26T09:41:15","date_gmt":"2021-11-26T09:41:15","guid":{"rendered":"https:\/\/bachrugs.com\/faqs\/"},"modified":"2021-11-26T09:41:15","modified_gmt":"2021-11-26T09:41:15","slug":"preguntas-frecuentes","status":"publish","type":"page","link":"https:\/\/bachrugs.com\/es\/preguntas-frecuentes\/","title":{"rendered":"Preguntas frecuentes"},"content":{"rendered":"<div data-elementor-type=\"wp-page\" data-elementor-id=\"331\" class=\"elementor elementor-331\" data-elementor-post-type=\"page\">\n\t\t\t\t\t\t<section class=\"elementor-section elementor-top-section elementor-element elementor-element-7b9e874 elementor-section-boxed elementor-section-gap-beside-yes elementor-section-height-default elementor-section-height-default elementor-section-content-align-center elementor-section-column-vertical-align-stretch\" data-id=\"7b9e874\" data-element_type=\"section\" data-e-type=\"section\">\n\t\t\t\t\t\t<div class=\"elementor-container elementor-column-gap-extended\">\n\t\t\t\t\t<div class=\"elementor-column elementor-col-100 elementor-top-column elementor-element elementor-element-59165b0\" data-id=\"59165b0\" data-element_type=\"column\" data-e-type=\"column\">\n\t\t\t<div class=\"elementor-widget-wrap elementor-element-populated\">\n\t\t\t\t\t\t<div class=\"elementor-element elementor-element-439c06c elementor-widget elementor-widget-spacer\" data-id=\"439c06c\" data-element_type=\"widget\" data-e-type=\"widget\" data-widget_type=\"spacer.default\">\n\t\t\t\t\t\t\t<div class=\"elementor-spacer\">\n\t\t\t<div class=\"elementor-spacer-inner\"><\/div>\n\t\t<\/div>\n\t\t\t\t\t\t<\/div>\n\t\t\t\t<div class=\"elementor-element elementor-element-0480845 elementor-widget elementor-widget-tm-heading\" data-id=\"0480845\" data-element_type=\"widget\" data-e-type=\"widget\" data-widget_type=\"tm-heading.default\">\n\t\t\t\t<div class=\"elementor-widget-container\">\n\t\t\t\t\t\t\t<div class=\"tm-modern-heading tm-modern-heading--style-03 tm-modern-heading--highlight-style-01\">\n\t\t\t\n\t\t\t\t\t<div class=\"heading-primary-wrap\">\n\t\t\t<h2 class=\"heading-primary elementor-heading-title\">La incomodidad me reconforta. Nunca he sido guay, pero me he sentido guay. He estado en sitios guays, pero en realidad no lo era: intentaba pasar por moderno o guay.<\/h2>\t\t<\/div>\n\t\t\n\t\t\t\n\t\t\t\t\t<div class=\"heading-description-wrap\">\n\t\t\t<div class=\"heading-description\">\n\t\t\t\tUna chica debe ser dos cosas: elegante y fabulosa. Estoy convencida de que puede haber lujo en la sencillez. Quer\u00eda vestir a la mujer que vive y trabaja, no a la mujer de un cuadro. Es dif\u00edcil equilibrarlo todo. Siempre es un reto. Mis relaciones con productores o fot\u00f3grafos son relaciones que llevan a\u00f1os. No puedo dejarme arrastrar por eso de las celebridades, porque me parece burdo. Mi objetivo es hacer que los pobres parezcan ricos.\t\t\t<\/div>\n\t\t<\/div>\n\t\t\t\t<\/div>\n\t\t\t\t\t\t<\/div>\n\t\t\t\t<\/div>\n\t\t\t\t<div class=\"elementor-element elementor-element-9403f5a minimog-accordion-style-01 elementor-widget elementor-widget-tm-accordion\" data-id=\"9403f5a\" data-element_type=\"widget\" data-e-type=\"widget\" data-settings=\"{&quot;active_first_item&quot;:&quot;1&quot;}\" data-widget_type=\"tm-accordion.default\">\n\t\t\t\t<div class=\"elementor-widget-container\">\n\t\t\t\t\t\t\t<div class=\"minimog-accordion minimog-accordion-icon-right\">\n\t\t\t\t\t\t\t<div class=\"accordion-section active\">\n\t\t\t\t\t<div class=\"accordion-header\">\n\t\t\t\t\t\t<div class=\"accordion-title-wrapper\">\n\t\t\t\t\t\t\t<h6 class=\"accordion-title\">Pagos disponibles<\/h6>\t\t\t\t\t\t<\/div>\n\t\t\t\t\t\t\t\t\t\t\t\t\t<div class=\"accordion-icons\">\n\t\t\t\t\t\t\t\t<span\n\t\t\t\t\t\t\t\t\tclass=\"accordion-icon opened-icon\"><i class=\"far fa-angle-down\"><\/i><\/span>\n\t\t\t\t\t\t\t\t<span\n\t\t\t\t\t\t\t\t\tclass=\"accordion-icon closed-icon\"><i class=\"far fa-angle-up\"><\/i><\/span>\n\t\t\t\t\t\t\t<\/div>\n\t\t\t\t\t\t\t\t\t\t\t<\/div>\n\t\t\t\t\t<div class=\"accordion-content\">\n\t\t\t\t\t\tTan bonito que querr\u00e1s lucirlo y tan c\u00f3modo que te olvidar\u00e1s de que lo llevas. Nuestro sujetador Plunge 24\/7\u2122 Lace Contour combina un precioso encaje floral con tirantes transparentes superpuestos que te sujetan y eliminan las aberturas. Las almohadillas extra\u00edbles te permiten personalizarlo.\n<ul>\n \t<li>Top recortado de punto de crep\u00e9 rosa<\/li>\n \t<li>Escote cuadrado<\/li>\n \t<li>Logotipo de Aje bordado<\/li>\n \t<li>Tirantes cruzados en la espalda<\/li>\n<\/ul>\t\t\t\t\t<\/div>\n\t\t\t\t<\/div>\n\t\t\t\t\t\t\t<div class=\"accordion-section\">\n\t\t\t\t\t<div class=\"accordion-header\">\n\t\t\t\t\t\t<div class=\"accordion-title-wrapper\">\n\t\t\t\t\t\t\t<h6 class=\"accordion-title\">Historial de pedidos y litigios<\/h6>\t\t\t\t\t\t<\/div>\n\t\t\t\t\t\t\t\t\t\t\t\t\t<div class=\"accordion-icons\">\n\t\t\t\t\t\t\t\t<span\n\t\t\t\t\t\t\t\t\tclass=\"accordion-icon opened-icon\"><i class=\"far fa-angle-down\"><\/i><\/span>\n\t\t\t\t\t\t\t\t<span\n\t\t\t\t\t\t\t\t\tclass=\"accordion-icon closed-icon\"><i class=\"far fa-angle-up\"><\/i><\/span>\n\t\t\t\t\t\t\t<\/div>\n\t\t\t\t\t\t\t\t\t\t\t<\/div>\n\t\t\t\t\t<div class=\"accordion-content\">\n\t\t\t\t\t\tTan bonito que querr\u00e1s lucirlo y tan c\u00f3modo que te olvidar\u00e1s de que lo llevas. Nuestro sujetador Plunge 24\/7\u2122 Lace Contour combina un precioso encaje floral con tirantes transparentes superpuestos que te sujetan y eliminan las aberturas. Las almohadillas extra\u00edbles te permiten personalizarlo.\n<ul>\n \t<li>Top recortado de punto de crep\u00e9 rosa<\/li>\n \t<li>Escote cuadrado<\/li>\n \t<li>Logotipo de Aje bordado<\/li>\n \t<li>Tirantes cruzados en la espalda<\/li>\n<\/ul>\t\t\t\t\t<\/div>\n\t\t\t\t<\/div>\n\t\t\t\t\t\t\t<div class=\"accordion-section\">\n\t\t\t\t\t<div class=\"accordion-header\">\n\t\t\t\t\t\t<div class=\"accordion-title-wrapper\">\n\t\t\t\t\t\t\t<h6 class=\"accordion-title\">Gastos de env\u00edo<\/h6>\t\t\t\t\t\t<\/div>\n\t\t\t\t\t\t\t\t\t\t\t\t\t<div class=\"accordion-icons\">\n\t\t\t\t\t\t\t\t<span\n\t\t\t\t\t\t\t\t\tclass=\"accordion-icon opened-icon\"><i class=\"far fa-angle-down\"><\/i><\/span>\n\t\t\t\t\t\t\t\t<span\n\t\t\t\t\t\t\t\t\tclass=\"accordion-icon closed-icon\"><i class=\"far fa-angle-up\"><\/i><\/span>\n\t\t\t\t\t\t\t<\/div>\n\t\t\t\t\t\t\t\t\t\t\t<\/div>\n\t\t\t\t\t<div class=\"accordion-content\">\n\t\t\t\t\t\tTan bonito que querr\u00e1s lucirlo y tan c\u00f3modo que te olvidar\u00e1s de que lo llevas. Nuestro sujetador Plunge 24\/7\u2122 Lace Contour combina un precioso encaje floral con tirantes transparentes superpuestos que te sujetan y eliminan las aberturas. Las almohadillas extra\u00edbles te permiten personalizarlo.\n<ul>\n \t<li>Top recortado de punto de crep\u00e9 rosa<\/li>\n \t<li>Escote cuadrado<\/li>\n \t<li>Logotipo de Aje bordado<\/li>\n \t<li>Tirantes cruzados en la espalda<\/li>\n<\/ul>\t\t\t\t\t<\/div>\n\t\t\t\t<\/div>\n\t\t\t\t\t\t\t<div class=\"accordion-section\">\n\t\t\t\t\t<div class=\"accordion-header\">\n\t\t\t\t\t\t<div class=\"accordion-title-wrapper\">\n\t\t\t\t\t\t\t<h6 class=\"accordion-title\">Tarjetas regalo<\/h6>\t\t\t\t\t\t<\/div>\n\t\t\t\t\t\t\t\t\t\t\t\t\t<div class=\"accordion-icons\">\n\t\t\t\t\t\t\t\t<span\n\t\t\t\t\t\t\t\t\tclass=\"accordion-icon opened-icon\"><i class=\"far fa-angle-down\"><\/i><\/span>\n\t\t\t\t\t\t\t\t<span\n\t\t\t\t\t\t\t\t\tclass=\"accordion-icon closed-icon\"><i class=\"far fa-angle-up\"><\/i><\/span>\n\t\t\t\t\t\t\t<\/div>\n\t\t\t\t\t\t\t\t\t\t\t<\/div>\n\t\t\t\t\t<div class=\"accordion-content\">\n\t\t\t\t\t\tTan bonito que querr\u00e1s lucirlo y tan c\u00f3modo que te olvidar\u00e1s de que lo llevas. Nuestro sujetador Plunge 24\/7\u2122 Lace Contour combina un precioso encaje floral con tirantes transparentes superpuestos que te sujetan y eliminan las aberturas. Las almohadillas extra\u00edbles te permiten personalizarlo.\n<ul>\n \t<li>Top recortado de punto de crep\u00e9 rosa<\/li>\n \t<li>Escote cuadrado<\/li>\n \t<li>Logotipo de Aje bordado<\/li>\n \t<li>Tirantes cruzados en la espalda<\/li>\n<\/ul>\t\t\t\t\t<\/div>\n\t\t\t\t<\/div>\n\t\t\t\t\t\t\t<div class=\"accordion-section\">\n\t\t\t\t\t<div class=\"accordion-header\">\n\t\t\t\t\t\t<div class=\"accordion-title-wrapper\">\n\t\t\t\t\t\t\t<h6 class=\"accordion-title\">Devoluciones y cambios<\/h6>\t\t\t\t\t\t<\/div>\n\t\t\t\t\t\t\t\t\t\t\t\t\t<div class=\"accordion-icons\">\n\t\t\t\t\t\t\t\t<span\n\t\t\t\t\t\t\t\t\tclass=\"accordion-icon opened-icon\"><i class=\"far fa-angle-down\"><\/i><\/span>\n\t\t\t\t\t\t\t\t<span\n\t\t\t\t\t\t\t\t\tclass=\"accordion-icon closed-icon\"><i class=\"far fa-angle-up\"><\/i><\/span>\n\t\t\t\t\t\t\t<\/div>\n\t\t\t\t\t\t\t\t\t\t\t<\/div>\n\t\t\t\t\t<div class=\"accordion-content\">\n\t\t\t\t\t\tTan bonito que querr\u00e1s lucirlo y tan c\u00f3modo que te olvidar\u00e1s de que lo llevas. Nuestro sujetador Plunge 24\/7\u2122 Lace Contour combina un precioso encaje floral con tirantes transparentes superpuestos que te sujetan y eliminan las aberturas. Las almohadillas extra\u00edbles te permiten personalizarlo.\n<ul>\n \t<li>Top recortado de punto de crep\u00e9 rosa<\/li>\n \t<li>Escote cuadrado<\/li>\n \t<li>Logotipo de Aje bordado<\/li>\n \t<li>Tirantes cruzados en la espalda<\/li>\n<\/ul>\t\t\t\t\t<\/div>\n\t\t\t\t<\/div>\n\t\t\t\t\t<\/div>\n\t\t\t\t\t\t<\/div>\n\t\t\t\t<\/div>\n\t\t\t\t\t<\/div>\n\t\t<\/div>\n\t\t\t\t\t<\/div>\n\t\t<\/section>\n\t\t\t\t<\/div>","protected":false},"excerpt":{"rendered":"<p>Awkwardness gives me great comfort. I\u2019ve never been cool, but I\u2019ve felt cool. I\u2019ve been in the cool place, but I wasn\u2019t really cool \u2013 I was trying to pass for hip or cool. A girl should be two things: classy and fabulous. I am convinced that there can be luxury in simplicity. I wanted to dress the woman who lives and works, not the woman in a painting. It\u2019s hard to balance everything. It\u2019s always challenging. My relationships with producers or photographers \u2013 these are relationships that took years. I can\u2019t get sucked into that celebrity thing, because I think it\u2019s just crass. My aim is to make the poor look rich. Available Payments So beautiful you\u2019ll want to show it off, so comfortable you\u2019ll forget it\u2019s there. Our 24\/7\u2122 Lace Contour Plunge Bra combines gorgeous floral lace with sheer overlay straps that hold you in and eliminates gaping. Removable pads let you customize you Cropped pink crepe knit top Square neckline Embroidered Aje logo Cross back straps Order History and Disputes So beautiful you\u2019ll want to show it off, so comfortable you\u2019ll forget it\u2019s there. Our 24\/7\u2122 Lace Contour Plunge Bra combines gorgeous floral lace with sheer overlay straps that hold you in and eliminates gaping. Removable pads let you customize you Cropped pink crepe knit top Square neckline Embroidered Aje logo Cross back straps Shipping and Handling So beautiful you\u2019ll want to show it off, so comfortable you\u2019ll forget it\u2019s there. Our 24\/7\u2122 Lace Contour Plunge Bra combines gorgeous floral lace with sheer overlay straps that hold you in and eliminates gaping. Removable pads let you customize you Cropped pink crepe knit top Square neckline Embroidered Aje logo Cross back straps Gift Cards So beautiful you\u2019ll want to show it off, so comfortable you\u2019ll forget it\u2019s there. Our 24\/7\u2122 Lace Contour Plunge Bra combines gorgeous floral lace with sheer overlay straps that hold you in and eliminates gaping. Removable pads let you customize you Cropped pink crepe knit top Square neckline Embroidered Aje logo Cross back straps Returns and Exchanges So beautiful you\u2019ll want to show it off, so comfortable you\u2019ll forget it\u2019s there. Our 24\/7\u2122 Lace Contour Plunge Bra combines gorgeous floral lace with sheer overlay straps that hold you in and eliminates gaping. Removable pads let you customize you Cropped pink crepe knit top Square neckline Embroidered Aje logo Cross back straps<\/p>","protected":false},"author":1,"featured_media":0,"parent":0,"menu_order":0,"comment_status":"closed","ping_status":"closed","template":"","meta":{"footnotes":""},"class_list":["post-331","page","type-page","status-publish","hentry","post-no-thumbnail"],"_links":{"self":[{"href":"https:\/\/bachrugs.com\/es\/wp-json\/wp\/v2\/pages\/331","targetHints":{"allow":["GET"]}}],"collection":[{"href":"https:\/\/bachrugs.com\/es\/wp-json\/wp\/v2\/pages"}],"about":[{"href":"https:\/\/bachrugs.com\/es\/wp-json\/wp\/v2\/types\/page"}],"author":[{"embeddable":true,"href":"https:\/\/bachrugs.com\/es\/wp-json\/wp\/v2\/users\/1"}],"replies":[{"embeddable":true,"href":"https:\/\/bachrugs.com\/es\/wp-json\/wp\/v2\/comments?post=331"}],"version-history":[{"count":0,"href":"https:\/\/bachrugs.com\/es\/wp-json\/wp\/v2\/pages\/331\/revisions"}],"wp:attachment":[{"href":"https:\/\/bachrugs.com\/es\/wp-json\/wp\/v2\/media?parent=331"}],"curies":[{"name":"wp","href":"https:\/\/api.w.org\/{rel}","templated":true}]}}