{"id":21717,"date":"2025-10-01T21:23:57","date_gmt":"2025-10-01T21:23:57","guid":{"rendered":"https:\/\/bachrugs.com\/?post_type=product&#038;p=21717"},"modified":"2025-12-13T13:20:18","modified_gmt":"2025-12-13T13:20:18","slug":"punto","status":"publish","type":"product","link":"https:\/\/bachrugs.com\/es\/producto\/punto\/","title":{"rendered":"Punto"},"content":{"rendered":"<div data-elementor-type=\"wp-post\" data-elementor-id=\"21717\" class=\"elementor elementor-21717\" data-elementor-post-type=\"product\">\n\t\t\t\t\t\t<section class=\"elementor-section elementor-top-section elementor-element elementor-element-4c4a82e elementor-section-full_width elementor-section-height-default elementor-section-height-default elementor-section-column-vertical-align-stretch\" data-id=\"4c4a82e\" data-element_type=\"section\" data-e-type=\"section\">\n\t\t\t\t\t\t<div class=\"elementor-container elementor-column-gap-no\">\n\t\t\t\t\t<div class=\"elementor-column elementor-col-100 elementor-top-column elementor-element elementor-element-8d4e9e8\" data-id=\"8d4e9e8\" data-element_type=\"column\" data-e-type=\"column\">\n\t\t\t<div class=\"elementor-widget-wrap elementor-element-populated\">\n\t\t\t\t\t\t<div class=\"elementor-element elementor-element-ec84845 elementor-widget elementor-widget-tm-heading\" data-id=\"ec84845\" data-element_type=\"widget\" data-e-type=\"widget\" data-widget_type=\"tm-heading.default\">\n\t\t\t\t<div class=\"elementor-widget-container\">\n\t\t\t\t\t\t\t<div class=\"tm-modern-heading tm-modern-heading--style-01 tm-modern-heading--highlight-style-01\">\n\t\t\t\n\t\t\t\t\t<div class=\"heading-primary-wrap\">\n\t\t\t<h4 class=\"heading-primary elementor-heading-title\">BACH RUGS<\/h4>\t\t<\/div>\n\t\t\n\t\t\t\n\t\t\t\t\t<\/div>\n\t\t\t\t\t\t<\/div>\n\t\t\t\t<\/div>\n\t\t\t\t<div class=\"elementor-element elementor-element-b68fefa elementor-widget__width-initial elementor-widget elementor-widget-text-editor\" data-id=\"b68fefa\" data-element_type=\"widget\" data-e-type=\"widget\" data-widget_type=\"text-editor.default\">\n\t\t\t\t\t\t\t\t\t<p style=\"text-align: center;\" data-start=\"180\" data-end=\"403\"><span data-start=\"180\" data-end=\"199\">Cada alfombra<\/span> es <em data-start=\"203\" data-end=\"217\">meticulosamente<\/em> <b>elaborada <\/b><strong data-start=\"226\" data-end=\"237\">a mano<\/strong>, para que nunca haya dos piezas iguales. Cada una lleva <em data-start=\"310\" data-end=\"332\">imperfecciones sutiles<\/em> e<em> el car\u00e1cter \u00fanico<\/em> que s\u00f3lo el verdadero trabajo artesanal puede ofrecer.<\/p><p>Fabricado con <b>lana acr\u00edlica de primera calidad<\/b>, nuestras alfombras combinan <b>suavidad excepcional<\/b> y larga <b>durabilidad<\/b>, aportando calidez, car\u00e1cter y <i>fuerte impacto visual<\/i> a cualquier espacio.<\/p>\t\t\t\t\t\t\t\t<\/div>\n\t\t\t\t<div class=\"elementor-element elementor-element-e6cf717 elementor-widget-divider--view-line elementor-widget elementor-widget-divider\" data-id=\"e6cf717\" data-element_type=\"widget\" data-e-type=\"widget\" data-widget_type=\"divider.default\">\n\t\t\t\t\t\t\t<div class=\"elementor-divider\">\n\t\t\t<span class=\"elementor-divider-separator\">\n\t\t\t\t\t\t<\/span>\n\t\t<\/div>\n\t\t\t\t\t\t<\/div>\n\t\t<div class=\"elementor-element elementor-element-f90fd95 e-con-full e-flex e-con e-parent\" data-id=\"f90fd95\" data-element_type=\"container\" data-e-type=\"container\">\n\t\t<div class=\"elementor-element elementor-element-cc8639a e-con-full e-flex e-con e-child\" data-id=\"cc8639a\" data-element_type=\"container\" data-e-type=\"container\">\n\t\t\t\t<div class=\"elementor-element elementor-element-30140c0 elementor-widget elementor-widget-tm-heading\" data-id=\"30140c0\" data-element_type=\"widget\" data-e-type=\"widget\" data-widget_type=\"tm-heading.default\">\n\t\t\t\t<div class=\"elementor-widget-container\">\n\t\t\t\t\t\t\t<div class=\"tm-modern-heading tm-modern-heading--style-01 tm-modern-heading--highlight-style-01\">\n\t\t\t\n\t\t\t\t\t<div class=\"heading-primary-wrap\">\n\t\t\t<h2 class=\"heading-primary elementor-heading-title\">Sostenibilidad<\/h2>\t\t<\/div>\n\t\t\n\t\t\t\n\t\t\t\t\t<\/div>\n\t\t\t\t\t\t<\/div>\n\t\t\t\t<\/div>\n\t\t\t\t<div class=\"elementor-element elementor-element-f711981 elementor-widget elementor-widget-spacer\" data-id=\"f711981\" data-element_type=\"widget\" data-e-type=\"widget\" data-widget_type=\"spacer.default\">\n\t\t\t\t\t\t\t<div class=\"elementor-spacer\">\n\t\t\t<div class=\"elementor-spacer-inner\"><\/div>\n\t\t<\/div>\n\t\t\t\t\t\t<\/div>\n\t\t\t\t<div class=\"elementor-element elementor-element-0c39499 elementor-widget elementor-widget-tm-list\" data-id=\"0c39499\" data-element_type=\"widget\" data-e-type=\"widget\" data-widget_type=\"tm-list.default\">\n\t\t\t\t<div class=\"elementor-widget-container\">\n\t\t\t\t\t\t\t<div class=\"minimog-list\">\n\t\t\t\t\t\t\t\t<div class=\"item\">\n\n\t\t\t\t\t\t<div class=\"link\">\t\t\t\t\t\t\n\t\t\t\t\t\t\t\t\t\t\t\t\t\t\t\t\t\t\t\n\t\t\t\t\t\t\t\t\t\t\t\t\t<div class=\"text\">\n\t\t\t\t\t\t\t\t\ud83e\uddf6<b>Dise\u00f1o hecho a mano<\/b> \t\t\t\t\t\t\t<\/div>\n\t\t\t\t\t\t\t\t\t\t\t\t<\/div>\n\t\t\t\t\t<\/div>\n\t\t\t\t\t\t\t\t\t\t<div class=\"item\">\n\n\t\t\t\t\t\t<div class=\"link\">\t\t\t\t\t\t\n\t\t\t\t\t\t\t\t\t\t\t\t\t\t\t\t\t\t\t\n\t\t\t\t\t\t\t\t\t\t\t\t\t<div class=\"text\">\n\t\t\t\t\t\t\t\t\ud83c\udf3f <b>Por encargo<\/b>, evitamos la sobreproducci\u00f3n\t\t\t\t\t\t\t<\/div>\n\t\t\t\t\t\t\t\t\t\t\t\t<\/div>\n\t\t\t\t\t<\/div>\n\t\t\t\t\t\t\t\t\t\t<div class=\"item\">\n\n\t\t\t\t\t\t<div class=\"link\">\t\t\t\t\t\t\n\t\t\t\t\t\t\t\t\t\t\t\t\t\t\t\t\t\t\t\n\t\t\t\t\t\t\t\t\t\t\t\t\t<div class=\"text\">\n\t\t\t\t\t\t\t\t\ud83c\udf0d <b>Dise\u00f1o responsable<\/b> con un m\u00ednimo de residuos\t\t\t\t\t\t\t<\/div>\n\t\t\t\t\t\t\t\t\t\t\t\t<\/div>\n\t\t\t\t\t<\/div>\n\t\t\t\t\t\t\t<\/div>\n\t\t\t\t\t\t<\/div>\n\t\t\t\t<\/div>\n\t\t\t\t<div class=\"elementor-element elementor-element-48f9ad6 elementor-widget-divider--view-line elementor-widget elementor-widget-divider\" data-id=\"48f9ad6\" data-element_type=\"widget\" data-e-type=\"widget\" data-widget_type=\"divider.default\">\n\t\t\t\t\t\t\t<div class=\"elementor-divider\">\n\t\t\t<span class=\"elementor-divider-separator\">\n\t\t\t\t\t\t<\/span>\n\t\t<\/div>\n\t\t\t\t\t\t<\/div>\n\t\t\t\t<\/div>\n\t\t<div class=\"elementor-element elementor-element-01cc6c8 e-con-full e-flex e-con e-child\" data-id=\"01cc6c8\" data-element_type=\"container\" data-e-type=\"container\">\n\t\t\t\t<div class=\"elementor-element elementor-element-615a1e5 elementor-widget elementor-widget-tm-heading\" data-id=\"615a1e5\" data-element_type=\"widget\" data-e-type=\"widget\" data-widget_type=\"tm-heading.default\">\n\t\t\t\t<div class=\"elementor-widget-container\">\n\t\t\t\t\t\t\t<div class=\"tm-modern-heading tm-modern-heading--style-01 tm-modern-heading--highlight-style-01\">\n\t\t\t\n\t\t\t\t\t<div class=\"heading-primary-wrap\">\n\t\t\t<h2 class=\"heading-primary elementor-heading-title\">atenci\u00f3n<\/h2>\t\t<\/div>\n\t\t\n\t\t\t\n\t\t\t\t\t<\/div>\n\t\t\t\t\t\t<\/div>\n\t\t\t\t<\/div>\n\t\t\t\t<div class=\"elementor-element elementor-element-6052320 elementor-widget elementor-widget-spacer\" data-id=\"6052320\" data-element_type=\"widget\" data-e-type=\"widget\" data-widget_type=\"spacer.default\">\n\t\t\t\t\t\t\t<div class=\"elementor-spacer\">\n\t\t\t<div class=\"elementor-spacer-inner\"><\/div>\n\t\t<\/div>\n\t\t\t\t\t\t<\/div>\n\t\t\t\t<div class=\"elementor-element elementor-element-3aeb927 minimog-list-layout-block elementor-widget elementor-widget-tm-list\" data-id=\"3aeb927\" data-element_type=\"widget\" data-e-type=\"widget\" data-widget_type=\"tm-list.default\">\n\t\t\t\t<div class=\"elementor-widget-container\">\n\t\t\t\t\t\t\t<div class=\"minimog-list\">\n\t\t\t\t\t\t\t\t<div class=\"item\">\n\n\t\t\t\t\t\t<div class=\"link\">\t\t\t\t\t\t\n\t\t\t\t\t\t\t\t\t\t\t\t\t\t\t\t\t\t\t\n\t\t\t\t\t\t\t\t\t\t\t\t\t<div class=\"text\">\n\t\t\t\t\t\t\t\t\u2194\ufe0f\nEnrollar para guardar, no plegar\t\t\t\t\t\t\t<\/div>\n\t\t\t\t\t\t\t\t\t\t\t\t<\/div>\n\t\t\t\t\t<\/div>\n\t\t\t\t\t\t\t\t\t\t<div class=\"item\">\n\n\t\t\t\t\t\t<div class=\"link\">\t\t\t\t\t\t\n\t\t\t\t\t\t\t\t\t\t\t\t\t\t\t\t\t\t\t\n\t\t\t\t\t\t\t\t\t\t\t\t\t<div class=\"text\">\n\t\t\t\t\t\t\t\t\ud83d\udca7\nLimpiar con agua y jab\u00f3n suave (en caso de manchas)\t\t\t\t\t\t\t<\/div>\n\t\t\t\t\t\t\t\t\t\t\t\t<\/div>\n\t\t\t\t\t<\/div>\n\t\t\t\t\t\t\t\t\t\t<div class=\"item\">\n\n\t\t\t\t\t\t<div class=\"link\">\t\t\t\t\t\t\n\t\t\t\t\t\t\t\t\t\t\t\t\t\t\t\t\t\t\t\n\t\t\t\t\t\t\t\t\t\t\t\t\t<div class=\"text\">\n\t\t\t\t\t\t\t\t\ud83e\uddf9\nAspirar regularmente (sin cepillo giratorio)\t\t\t\t\t\t\t<\/div>\n\t\t\t\t\t\t\t\t\t\t\t\t<\/div>\n\t\t\t\t\t<\/div>\n\t\t\t\t\t\t\t\t\t\t<div class=\"item\">\n\n\t\t\t\t\t\t<div class=\"link\">\t\t\t\t\t\t\n\t\t\t\t\t\t\t\t\t\t\t\t\t\t\t\t\t\t\t\n\t\t\t\t\t\t\t\t\t\t\t\t\t<div class=\"text\">\n\t\t\t\t\t\t\t\t\ud83e\uddfc\nSe recomienda limpieza profesional en seco\t\t\t\t\t\t\t<\/div>\n\t\t\t\t\t\t\t\t\t\t\t\t<\/div>\n\t\t\t\t\t<\/div>\n\t\t\t\t\t\t\t<\/div>\n\t\t\t\t\t\t<\/div>\n\t\t\t\t<\/div>\n\t\t\t\t<div class=\"elementor-element elementor-element-70f4f85 elementor-widget-divider--view-line elementor-widget elementor-widget-divider\" data-id=\"70f4f85\" data-element_type=\"widget\" data-e-type=\"widget\" data-widget_type=\"divider.default\">\n\t\t\t\t\t\t\t<div class=\"elementor-divider\">\n\t\t\t<span class=\"elementor-divider-separator\">\n\t\t\t\t\t\t<\/span>\n\t\t<\/div>\n\t\t\t\t\t\t<\/div>\n\t\t\t\t<\/div>\n\t\t<div class=\"elementor-element elementor-element-aace97c e-con-full e-flex e-con e-child\" data-id=\"aace97c\" data-element_type=\"container\" data-e-type=\"container\">\n\t\t\t\t<div class=\"elementor-element elementor-element-66f6d57 elementor-widget elementor-widget-tm-heading\" data-id=\"66f6d57\" data-element_type=\"widget\" data-e-type=\"widget\" data-widget_type=\"tm-heading.default\">\n\t\t\t\t<div class=\"elementor-widget-container\">\n\t\t\t\t\t\t\t<div class=\"tm-modern-heading tm-modern-heading--style-01 tm-modern-heading--highlight-style-01\">\n\t\t\t\n\t\t\t\t\t<div class=\"heading-primary-wrap\">\n\t\t\t<h6 class=\"heading-primary elementor-heading-title\">nunca lo hagas<\/h6>\t\t<\/div>\n\t\t\n\t\t\t\n\t\t\t\t\t<\/div>\n\t\t\t\t\t\t<\/div>\n\t\t\t\t<\/div>\n\t\t\t\t<div class=\"elementor-element elementor-element-e2ee9e5 elementor-widget elementor-widget-spacer\" data-id=\"e2ee9e5\" data-element_type=\"widget\" data-e-type=\"widget\" data-widget_type=\"spacer.default\">\n\t\t\t\t\t\t\t<div class=\"elementor-spacer\">\n\t\t\t<div class=\"elementor-spacer-inner\"><\/div>\n\t\t<\/div>\n\t\t\t\t\t\t<\/div>\n\t\t\t\t<div class=\"elementor-element elementor-element-656cf3c minimog-list-layout-block elementor-widget elementor-widget-tm-list\" data-id=\"656cf3c\" data-element_type=\"widget\" data-e-type=\"widget\" data-widget_type=\"tm-list.default\">\n\t\t\t\t<div class=\"elementor-widget-container\">\n\t\t\t\t\t\t\t<div class=\"minimog-list\">\n\t\t\t\t\t\t\t\t<div class=\"item\">\n\n\t\t\t\t\t\t<div class=\"link\">\t\t\t\t\t\t\n\t\t\t\t\t\t\t\t\t\t\t\t\t\t\t\t\t\t\t\n\t\t\t\t\t\t\t\t\t\t\t\t\t<div class=\"text\">\n\t\t\t\t\t\t\t\t\ud83d\udeab\ud83e\uddfa\nNo lavar a m\u00e1quina\t\t\t\t\t\t\t<\/div>\n\t\t\t\t\t\t\t\t\t\t\t\t<\/div>\n\t\t\t\t\t<\/div>\n\t\t\t\t\t\t\t\t\t\t<div class=\"item\">\n\n\t\t\t\t\t\t<div class=\"link\">\t\t\t\t\t\t\n\t\t\t\t\t\t\t\t\t\t\t\t\t\t\t\t\t\t\t\n\t\t\t\t\t\t\t\t\t\t\t\t\t<div class=\"text\">\n\t\t\t\t\t\t\t\t\ud83d\udeab\ud83e\uddf4\nNo utilizar lej\u00eda ni productos qu\u00edmicos fuertes\t\t\t\t\t\t\t<\/div>\n\t\t\t\t\t\t\t\t\t\t\t\t<\/div>\n\t\t\t\t\t<\/div>\n\t\t\t\t\t\t\t\t\t\t<div class=\"item\">\n\n\t\t\t\t\t\t<div class=\"link\">\t\t\t\t\t\t\n\t\t\t\t\t\t\t\t\t\t\t\t\t\t\t\t\t\t\t\n\t\t\t\t\t\t\t\t\t\t\t\t\t<div class=\"text\">\n\t\t\t\t\t\t\t\t\ud83d\udeab\ud83d\udd25\nNo exponer al calor ni a la luz solar directa\t\t\t\t\t\t\t<\/div>\n\t\t\t\t\t\t\t\t\t\t\t\t<\/div>\n\t\t\t\t\t<\/div>\n\t\t\t\t\t\t\t<\/div>\n\t\t\t\t\t\t<\/div>\n\t\t\t\t<\/div>\n\t\t\t\t<div class=\"elementor-element elementor-element-601661c elementor-widget elementor-widget-spacer\" data-id=\"601661c\" data-element_type=\"widget\" data-e-type=\"widget\" data-widget_type=\"spacer.default\">\n\t\t\t\t\t\t\t<div class=\"elementor-spacer\">\n\t\t\t<div class=\"elementor-spacer-inner\"><\/div>\n\t\t<\/div>\n\t\t\t\t\t\t<\/div>\n\t\t\t\t<\/div>\n\t\t\t\t<\/div>\n\t\t\t\t\t<\/div>\n\t\t<\/div>\n\t\t\t\t\t<\/div>\n\t\t<\/section>\n\t\t\t\t<\/div>","protected":false},"excerpt":{"rendered":"<p>ALFOMBRAS BACH Cada alfombra tufting est\u00e1 meticulosamente elaborada a mano, lo que garantiza que no haya dos piezas iguales. Cada alfombra presenta las sutiles imperfecciones y el car\u00e1cter \u00fanico que solo el verdadero trabajo artesanal puede ofrecer. Fabricadas con hilo acr\u00edlico de primera calidad, nuestras alfombras combinan una suavidad excepcional y una gran durabilidad, aportando calidez, car\u00e1cter y un fuerte impacto visual a cualquier espacio. Sostenibilidad \ud83e\uddf6 Dise\u00f1o tufting a mano \ud83c\udf3f Fabricadas bajo pedido, evitando la sobreproducci\u00f3n \ud83c\udf0d Dise\u00f1o responsable con un m\u00ednimo de residuos Cuidados \u2194\ufe0f Enrollar para guardarlas, no doblarlas \ud83d\udca7 Limpiar las manchas con agua y jab\u00f3n suave (en caso de manchas) \ud83e\uddf9 Aspirar regularmente (sin cepillo giratorio) \ud83e\uddfc Se recomienda la limpieza en seco profesional, nunca la haga usted mismo \ud83d\udeab\ud83e\uddfa No lavar a m\u00e1quina \ud83d\udeab\ud83e\uddf4 No utilizar lej\u00eda ni productos qu\u00edmicos fuertes \ud83d\udeab\ud83d\udd25 No exponer al calor ni a la luz solar directa<\/p>","protected":false},"featured_media":21824,"comment_status":"open","ping_status":"closed","template":"","meta":[],"product_brand":[41],"product_cat":[121],"product_tag":[],"class_list":{"0":"post-21717","1":"product","2":"type-product","3":"status-publish","4":"has-post-thumbnail","6":"product_brand-bach","7":"product_cat-alfombra","9":"first","10":"onbackorder","11":"taxable","12":"shipping-taxable","13":"purchasable","14":"product-type-variable","15":"has-default-attributes"},"_links":{"self":[{"href":"https:\/\/bachrugs.com\/es\/wp-json\/wp\/v2\/product\/21717","targetHints":{"allow":["GET"]}}],"collection":[{"href":"https:\/\/bachrugs.com\/es\/wp-json\/wp\/v2\/product"}],"about":[{"href":"https:\/\/bachrugs.com\/es\/wp-json\/wp\/v2\/types\/product"}],"replies":[{"embeddable":true,"href":"https:\/\/bachrugs.com\/es\/wp-json\/wp\/v2\/comments?post=21717"}],"version-history":[{"count":15,"href":"https:\/\/bachrugs.com\/es\/wp-json\/wp\/v2\/product\/21717\/revisions"}],"predecessor-version":[{"id":22383,"href":"https:\/\/bachrugs.com\/es\/wp-json\/wp\/v2\/product\/21717\/revisions\/22383"}],"wp:featuredmedia":[{"embeddable":true,"href":"https:\/\/bachrugs.com\/es\/wp-json\/wp\/v2\/media\/21824"}],"wp:attachment":[{"href":"https:\/\/bachrugs.com\/es\/wp-json\/wp\/v2\/media?parent=21717"}],"wp:term":[{"taxonomy":"product_brand","embeddable":true,"href":"https:\/\/bachrugs.com\/es\/wp-json\/wp\/v2\/product_brand?post=21717"},{"taxonomy":"product_cat","embeddable":true,"href":"https:\/\/bachrugs.com\/es\/wp-json\/wp\/v2\/product_cat?post=21717"},{"taxonomy":"product_tag","embeddable":true,"href":"https:\/\/bachrugs.com\/es\/wp-json\/wp\/v2\/product_tag?post=21717"}],"curies":[{"name":"wp","href":"https:\/\/api.w.org\/{rel}","templated":true}]}}